{"id":57,"date":"2014-12-23T14:33:43","date_gmt":"2014-12-23T12:33:43","guid":{"rendered":"http:\/\/themes.muffingroup.com\/be\/energy\/?page_id=57"},"modified":"2016-06-02T17:47:34","modified_gmt":"2016-06-02T14:47:34","slug":"projects","status":"publish","type":"page","link":"https:\/\/www.tekasgroup.com\/en\/projects\/","title":{"rendered":"Projects"},"content":{"rendered":"<p>[vc_row full_width=&#8221;stretch_row&#8221; parallax=&#8221;content-moving&#8221; parallax_image=&#8221;82&#8243;][vc_column]<div  class=\"subheader-post-title\"><h3 class=\"sub-header text-right\">Projects<\/h3><\/div>[\/vc_column][\/vc_row][vc_row el_class=&#8221;hide-me&#8221;][vc_column][vc_column_text]<\/p>\n<h4 style=\"margin: 0px 0px 4px; text-align: center; text-transform: uppercase;\">The Best Projects Contain\u00a0Dreams and These Dreams Come True<\/h4>\n<h3 style=\"margin: 0px; text-align: center; text-transform: uppercase;\">by Teka\u015f<\/h3>\n<p>[\/vc_column_text][\/vc_column][\/vc_row][vc_row equal_height=&#8221;yes&#8221;][vc_column width=&#8221;1\/3&#8243;][vc_column_text]<\/p>\n<div style=\"padding: 20px 20px 0 20px; border-right: 1px solid rgba(0,0,0,.1);\">\n<h2 style=\"margin-bottom: 0px;\">Completed<\/h2>\n<h3 style=\"margin: 0;\">projects<\/h3>\n<\/div>\n<div class=\"image_frame image_item scale-with-grid aligncenter no_border\" ><div class=\"image_wrapper\"><a href=\"\/en\/projects\/completed-projects\/\"  ><div class=\"mask\"><\/div><img class=\"scale-with-grid\" src=\"\/wp-content\/uploads\/2014\/12\/projects_completed.jpg\" alt=\"\"   \/><\/a><div class=\"image_links \"><a href=\"\/en\/projects\/completed-projects\/\" class=\"link\" ><i class=\"icon-link\"><\/i><\/a><\/div><\/div><\/div>\n\n<div style=\"padding: 20px; border-right: 1px solid rgba(0,0,0,.1);\">\n<p>Ger\u00e7ekle\u015ftirdi\u011fimiz baz\u0131 in\u015faat taahh\u00fct i\u015fleri ve M\u00fclkiyeti \u015eirketimize ait Ger\u00e7ekle\u015fen Proje ve faaliyetlerimiz.<\/p>\n<p style=\"text-align: right;\"><a class=\"read_more\" href=\"\/en\/projects\/completed-projects\/\">Read more<\/a><\/p>\n<\/div>\n<p>[\/vc_column_text][\/vc_column][vc_column width=&#8221;1\/3&#8243;][vc_column_text]<\/p>\n<div style=\"padding: 20px 20px 0 20px; border-right: 1px solid rgba(0,0,0,.1);\">\n<h2 style=\"margin-bottom: 0px;\">Ongoing<\/h2>\n<h3 style=\"margin: 0;\">projects<\/h3>\n<\/div>\n<div class=\"image_frame image_item scale-with-grid aligncenter no_border\" ><div class=\"image_wrapper\"><a href=\"\/en\/projects\/ongoing-projects\/\"  ><div class=\"mask\"><\/div><img class=\"scale-with-grid\" src=\"\/wp-content\/uploads\/2014\/12\/projects_ongoing.jpg\" alt=\"\"   \/><\/a><div class=\"image_links \"><a href=\"\/en\/projects\/ongoing-projects\/\" class=\"link\" ><i class=\"icon-link\"><\/i><\/a><\/div><\/div><\/div>\n\n<div style=\"padding: 20px; border-right: 1px solid rgba(0,0,0,.1);\">\n<p>\u0130\u00e7erenk\u00f6y\u2019 de bulunan 9 katl\u0131, m\u00fclkiyeti firmam\u0131z Y\u00f6netim Kurulu Ba\u015fkan\u0131 Say\u0131n Ferat Abidino\u011flu\u2019 na ait binan\u0131n 3\/4 y\u0131ld\u0131zl\u0131 otele d\u00f6n\u00fc\u015ft\u00fcr\u00fclmesi.<\/p>\n<p style=\"text-align: right;\"><a class=\"read_more\" href=\"\/en\/projects\/ongoing-projects\/\">Read more<\/a><\/p>\n<\/div>\n<p>[\/vc_column_text][\/vc_column][vc_column width=&#8221;1\/3&#8243;][vc_column_text]<\/p>\n<div style=\"padding: 20px 20px 0 20px; border-right: 1px solid rgba(0,0,0,.1);\">\n<h2 style=\"margin-bottom: 0px;\">Upcoming<\/h2>\n<h3 style=\"margin: 0;\">projects<\/h3>\n<\/div>\n<div class=\"image_frame image_item scale-with-grid aligncenter no_border\" ><div class=\"image_wrapper\"><a href=\"\/en\/projects\/upcoming-projects\/\"  ><div class=\"mask\"><\/div><img class=\"scale-with-grid\" src=\"\/wp-content\/uploads\/2014\/12\/projects_upcoming.jpg\" alt=\"\"   \/><\/a><div class=\"image_links \"><a href=\"\/en\/projects\/upcoming-projects\/\" class=\"link\" ><i class=\"icon-link\"><\/i><\/a><\/div><\/div><\/div>\n\n<div style=\"padding: 20px; border-right: 1px solid rgba(0,0,0,.1);\">\n<p>\u0130stanbul, Bodrum ve Bodrum \u00e7evresinde \u00f6zel yat\u0131r\u0131m projeleri.<\/p>\n<p style=\"text-align: right;\"><a class=\"read_more\" href=\"\/en\/projects\/upcoming-projects\/\">Read more<\/a><\/p>\n<\/div>\n<p>[\/vc_column_text][\/vc_column][\/vc_row]<\/p>","protected":false},"excerpt":{"rendered":"<p>[vc_row full_width=&#8221;stretch_row&#8221; parallax=&#8221;content-moving&#8221; parallax_image=&#8221;82&#8243;][vc_column][\/vc_column][\/vc_row][vc_row el_class=&#8221;hide-me&#8221;][vc_column][vc_column_text] The Best Projects Contain\u00a0Dreams and These Dreams Come True by Teka\u015f [\/vc_column_text][\/vc_column][\/vc_row][vc_row equal_height=&#8221;yes&#8221;][vc_column width=&#8221;1\/3&#8243;][vc_column_text] Completed projects Ger\u00e7ekle\u015ftirdi\u011fimiz baz\u0131 in\u015faat taahh\u00fct i\u015fleri [&hellip;]<\/p>\n","protected":false},"author":1,"featured_media":0,"parent":0,"menu_order":0,"comment_status":"open","ping_status":"closed","template":"","meta":[],"_links":{"self":[{"href":"https:\/\/www.tekasgroup.com\/en\/wp-json\/wp\/v2\/pages\/57"}],"collection":[{"href":"https:\/\/www.tekasgroup.com\/en\/wp-json\/wp\/v2\/pages"}],"about":[{"href":"https:\/\/www.tekasgroup.com\/en\/wp-json\/wp\/v2\/types\/page"}],"author":[{"embeddable":true,"href":"https:\/\/www.tekasgroup.com\/en\/wp-json\/wp\/v2\/users\/1"}],"replies":[{"embeddable":true,"href":"https:\/\/www.tekasgroup.com\/en\/wp-json\/wp\/v2\/comments?post=57"}],"version-history":[{"count":9,"href":"https:\/\/www.tekasgroup.com\/en\/wp-json\/wp\/v2\/pages\/57\/revisions"}],"predecessor-version":[{"id":413,"href":"https:\/\/www.tekasgroup.com\/en\/wp-json\/wp\/v2\/pages\/57\/revisions\/413"}],"wp:attachment":[{"href":"https:\/\/www.tekasgroup.com\/en\/wp-json\/wp\/v2\/media?parent=57"}],"curies":[{"name":"wp","href":"https:\/\/api.w.org\/{rel}","templated":true}]}}