{"id":49,"date":"2014-12-23T13:58:20","date_gmt":"2014-12-23T13:58:20","guid":{"rendered":"http:\/\/themes.muffingroup.com\/be\/energy\/?page_id=49"},"modified":"2018-11-07T16:18:54","modified_gmt":"2018-11-07T13:18:54","slug":"contact","status":"publish","type":"page","link":"https:\/\/www.tekasgroup.com\/en\/contact\/","title":{"rendered":"Contact"},"content":{"rendered":"<p>[vc_row css=&#8221;.vc_custom_1464173762407{margin-top: 30px !important;margin-bottom: 30px !important;}&#8221;][vc_column width=&#8221;1\/2&#8243;][vc_column_text]<\/p>\n<h2 style=\"margin-bottom: 0px;\">Contact Info<\/h2>\n<h3>Teka\u015f A.\u015e.<\/h3>\n<hr class=\"no_line\" style=\"margin: 0 auto 30px;\"\/>\n\n<h5 style=\"margin-bottom: 4px;\">Your feedback and ideas are always very important for us.<\/h5>\n<p>You can contact us anytime by the following contact information or using the form.<\/p>\n<h5 style=\"margin-bottom: 4px;\">Teka\u015f Teknik \u0130n\u015faat Taahh\u00fct Tic. ve San. A.\u015e.<\/h5>\n<p>Z\u00fcht\u00fcpa\u015fa Mh. Ba\u011fdat Cd. No: 32<br \/>\nYola\u00e7 Plaza K.4 D.123<br \/>\n<strong>K\u0131z\u0131ltoprak, Kad\u0131k\u00f6y 34724 \u0130stanbul<\/strong><\/p>\n<p style=\"margin-bottom: 4px;\"><i class=\"fa fa-envelope-o padding-right-10\"><\/i><a href=\"mailto:info@tekasgroup.com\">info@tekasgroup.com<\/a><\/p>\n<p style=\"margin-bottom: 4px;\"><i class=\"fa fa-phone-square padding-right-10\"><\/i>+90 (216) 532 58 58<\/p>\n<p style=\"margin-bottom: 4px;\"><i class=\"fa fa-print padding-right-10\"><\/i>+90 (216) 532 58 00<\/p>\n<p style=\"margin-bottom: 4px;\"><i class=\"fa fa-globe padding-right-10\"><\/i>www.tekasgroup.com<\/p>\n<p><hr class=\"no_line\" style=\"margin: 0 auto 30px;\"\/>\n[\/vc_column_text]<div  class=\"social-networks \"><div class=\"social-wrapper\"><span class=\"social-facebook\"><a target=\"_blank\" href=\"#\" title=\"Facebook\"><i class=\"fa fa-facebook-square fa-2x\"><\/i><\/a><\/span><\/div><div class=\"social-wrapper\"><span class=\"social-twitter\"><a target=\"_blank\" href=\"#\" title=\"Twitter\"><i class=\"fa fa-twitter-square fa-2x\"><\/i><\/a><\/span><\/div><div class=\"social-wrapper\"><span class=\"social-googleplus\"><a target=\"_blank\" href=\"#\" title=\"Google+\"><i class=\"fa fa-google-plus-square fa-2x\"><\/i><\/a><\/span><\/div><\/div>[\/vc_column][vc_column width=&#8221;1\/2&#8243;][vc_column_text]<\/p>\n<h2 style=\"margin-bottom: 0px;\">Send us a message<\/h2>\n<h3>Fell free to ask<\/h3>\n<p>[\/vc_column_text]<div role=\"form\" class=\"wpcf7\" id=\"wpcf7-f55-o2\" lang=\"en-US\" dir=\"ltr\">\n<div class=\"screen-reader-response\"><p role=\"status\" aria-live=\"polite\" aria-atomic=\"true\"><\/p> <ul><\/ul><\/div>\n<form action=\"\/en\/wp-json\/wp\/v2\/pages\/49#wpcf7-f55-o2\" method=\"post\" class=\"wpcf7-form init\" novalidate=\"novalidate\" data-status=\"init\">\n<div style=\"display: none;\">\n<input type=\"hidden\" name=\"_wpcf7\" value=\"55\" \/>\n<input type=\"hidden\" name=\"_wpcf7_version\" value=\"5.3.1\" \/>\n<input type=\"hidden\" name=\"_wpcf7_locale\" value=\"en_US\" \/>\n<input type=\"hidden\" name=\"_wpcf7_unit_tag\" value=\"wpcf7-f55-o2\" \/>\n<input type=\"hidden\" name=\"_wpcf7_container_post\" value=\"0\" \/>\n<input type=\"hidden\" name=\"_wpcf7_posted_data_hash\" value=\"\" \/>\n<input type=\"hidden\" name=\"_wpcf7_recaptcha_response\" value=\"\" \/>\n<\/div>\n<div class=\"column one\"><span class=\"wpcf7-form-control-wrap your-name\"><input type=\"text\" name=\"your-name\" value=\"\" size=\"40\" class=\"wpcf7-form-control wpcf7-text wpcf7-validates-as-required\" aria-required=\"true\" aria-invalid=\"false\" placeholder=\"Your name*\" \/><\/span> <\/div>\n<div class=\"column one-second\"><span class=\"wpcf7-form-control-wrap your-email\"><input type=\"email\" name=\"your-email\" value=\"\" size=\"40\" class=\"wpcf7-form-control wpcf7-text wpcf7-email wpcf7-validates-as-required wpcf7-validates-as-email\" aria-required=\"true\" aria-invalid=\"false\" placeholder=\"Your e-mail*\" \/><\/span> <\/div>\n<div class=\"column one-second\"><span class=\"wpcf7-form-control-wrap your-phone\"><input type=\"tel\" name=\"your-phone\" value=\"\" size=\"40\" class=\"wpcf7-form-control wpcf7-text wpcf7-tel wpcf7-validates-as-tel\" aria-invalid=\"false\" placeholder=\"Your phone\" \/><\/span> <\/div>\n<div class=\"column one\"><span class=\"wpcf7-form-control-wrap your-subject\"><input type=\"text\" name=\"your-subject\" value=\"\" size=\"40\" class=\"wpcf7-form-control wpcf7-text wpcf7-validates-as-required\" aria-required=\"true\" aria-invalid=\"false\" placeholder=\"Subject*\" \/><\/span> <\/div>\n<div class=\"column one\"><span class=\"wpcf7-form-control-wrap your-message\"><textarea name=\"your-message\" cols=\"40\" rows=\"10\" class=\"wpcf7-form-control wpcf7-textarea\" aria-invalid=\"false\" placeholder=\"Message\"><\/textarea><\/span><\/div>\n<div class=\"column two\">\n\n<\/div>\n<div class=\"column two\"><input type=\"submit\" value=\"SEND A MESSAGE\" class=\"wpcf7-form-control wpcf7-submit\" \/><\/div>\n<div class=\"wpcf7-response-output\" aria-hidden=\"true\"><\/div><\/form><\/div>[\/vc_column][\/vc_row]<\/p>","protected":false},"excerpt":{"rendered":"<p>[vc_row css=&#8221;.vc_custom_1464173762407{margin-top: 30px !important;margin-bottom: 30px !important;}&#8221;][vc_column width=&#8221;1\/2&#8243;][vc_column_text] Contact Info Teka\u015f A.\u015e. Your feedback and ideas are always very important for us. You can contact us anytime [&hellip;]<\/p>\n","protected":false},"author":1,"featured_media":0,"parent":0,"menu_order":0,"comment_status":"open","ping_status":"closed","template":"","meta":[],"_links":{"self":[{"href":"https:\/\/www.tekasgroup.com\/en\/wp-json\/wp\/v2\/pages\/49"}],"collection":[{"href":"https:\/\/www.tekasgroup.com\/en\/wp-json\/wp\/v2\/pages"}],"about":[{"href":"https:\/\/www.tekasgroup.com\/en\/wp-json\/wp\/v2\/types\/page"}],"author":[{"embeddable":true,"href":"https:\/\/www.tekasgroup.com\/en\/wp-json\/wp\/v2\/users\/1"}],"replies":[{"embeddable":true,"href":"https:\/\/www.tekasgroup.com\/en\/wp-json\/wp\/v2\/comments?post=49"}],"version-history":[{"count":9,"href":"https:\/\/www.tekasgroup.com\/en\/wp-json\/wp\/v2\/pages\/49\/revisions"}],"predecessor-version":[{"id":485,"href":"https:\/\/www.tekasgroup.com\/en\/wp-json\/wp\/v2\/pages\/49\/revisions\/485"}],"wp:attachment":[{"href":"https:\/\/www.tekasgroup.com\/en\/wp-json\/wp\/v2\/media?parent=49"}],"curies":[{"name":"wp","href":"https:\/\/api.w.org\/{rel}","templated":true}]}}