{"id":444,"date":"2016-06-07T12:32:40","date_gmt":"2016-06-07T09:32:40","guid":{"rendered":"http:\/\/www.tekasgroup.com\/?page_id=444"},"modified":"2017-03-10T16:11:41","modified_gmt":"2017-03-10T13:11:41","slug":"sectors","status":"publish","type":"page","link":"https:\/\/www.tekasgroup.com\/en\/sectors\/","title":{"rendered":"Sectors"},"content":{"rendered":"<p>[vc_row full_width=&#8221;stretch_row&#8221; parallax=&#8221;content-moving&#8221; parallax_image=&#8221;82&#8243;][vc_column]<div  class=\"subheader-post-title\"><h3 class=\"sub-header text-right\">Sectors<\/h3><\/div>[\/vc_column][\/vc_row][vc_row][vc_column width=&#8221;3\/4&#8243;][vc_column_text]<\/p>\n<h2 style=\"margin-bottom: 0px;\">Sectors<\/h2>\n<h3 style=\"margin: 0;\">Teka\u015f Inc.<\/h3>\n<p><hr class=\"no_line\" style=\"margin: 0 auto 10px;\"\/>\n<div class=\"image_frame image_item no_link scale-with-grid aligncenter no_border\" ><div class=\"image_wrapper\"><img class=\"scale-with-grid\" src=\"\/wp-content\/uploads\/2016\/05\/projects_ongoing_single.jpg\" alt=\"\"   \/><\/div><\/div>\n<br \/>\n\u0130n\u015faat ve turizm i\u015fletmecili\u011fi sekt\u00f6rlerinde faaliyet g\u00f6steren \u015firketimiz 1982 y\u0131l\u0131nda Ankara\u2019da kurulmu\u015ftur. Merkezi \u0130stanbul\u2019 da olan \u015firketimiz 1982 y\u0131l\u0131ndan 1994 y\u0131l\u0131na kadar muhtelif in\u015faat taahh\u00fct i\u015fleri yapm\u0131\u015ft\u0131r. 1994 y\u0131l\u0131ndan itibaren \u015firketimiz kendi yat\u0131r\u0131mlar\u0131n\u0131 yapmaya y\u00f6nelmi\u015ftir.<\/p>\n<p>\u0130n\u015faat sekt\u00f6r\u00fcndeki faaliyetlerimizin yan\u0131nda, m\u00fclkiyeti firmam\u0131za ait olan Bodrum G\u00fcndo\u011fan\u2019daki Green Beach Resort Otel\u2019 in i\u015fletmesi de yine firmam\u0131z b\u00fcnyesinde yap\u0131lmaktad\u0131r.<br \/>\n<hr class=\"no_line\" style=\"margin: 0 auto 30px;\"\/>\n[\/vc_column_text][\/vc_column][vc_column width=&#8221;1\/4&#8243;][vc_widget_sidebar sidebar_id=&#8221;sidebar-projects&#8221;][\/vc_column][\/vc_row]<\/p>","protected":false},"excerpt":{"rendered":"<p>[vc_row full_width=&#8221;stretch_row&#8221; parallax=&#8221;content-moving&#8221; parallax_image=&#8221;82&#8243;][vc_column][\/vc_column][\/vc_row][vc_row][vc_column width=&#8221;3\/4&#8243;][vc_column_text] Sectors Teka\u015f Inc. \u0130n\u015faat ve turizm i\u015fletmecili\u011fi sekt\u00f6rlerinde faaliyet g\u00f6steren \u015firketimiz 1982 y\u0131l\u0131nda Ankara\u2019da kurulmu\u015ftur. Merkezi \u0130stanbul\u2019 da olan \u015firketimiz 1982 [&hellip;]<\/p>\n","protected":false},"author":1,"featured_media":0,"parent":0,"menu_order":0,"comment_status":"closed","ping_status":"closed","template":"","meta":[],"_links":{"self":[{"href":"https:\/\/www.tekasgroup.com\/en\/wp-json\/wp\/v2\/pages\/444"}],"collection":[{"href":"https:\/\/www.tekasgroup.com\/en\/wp-json\/wp\/v2\/pages"}],"about":[{"href":"https:\/\/www.tekasgroup.com\/en\/wp-json\/wp\/v2\/types\/page"}],"author":[{"embeddable":true,"href":"https:\/\/www.tekasgroup.com\/en\/wp-json\/wp\/v2\/users\/1"}],"replies":[{"embeddable":true,"href":"https:\/\/www.tekasgroup.com\/en\/wp-json\/wp\/v2\/comments?post=444"}],"version-history":[{"count":9,"href":"https:\/\/www.tekasgroup.com\/en\/wp-json\/wp\/v2\/pages\/444\/revisions"}],"predecessor-version":[{"id":480,"href":"https:\/\/www.tekasgroup.com\/en\/wp-json\/wp\/v2\/pages\/444\/revisions\/480"}],"wp:attachment":[{"href":"https:\/\/www.tekasgroup.com\/en\/wp-json\/wp\/v2\/media?parent=444"}],"curies":[{"name":"wp","href":"https:\/\/api.w.org\/{rel}","templated":true}]}}