{"id":232,"date":"2016-05-27T16:10:10","date_gmt":"2016-05-27T13:10:10","guid":{"rendered":"http:\/\/www.tekasgroup.com\/?page_id=232"},"modified":"2016-05-31T16:57:19","modified_gmt":"2016-05-31T13:57:19","slug":"upcoming-projects","status":"publish","type":"page","link":"https:\/\/www.tekasgroup.com\/en\/projects\/upcoming-projects\/","title":{"rendered":"Upcoming Projects"},"content":{"rendered":"<p>[vc_row full_width=&#8221;stretch_row&#8221; parallax=&#8221;content-moving&#8221; parallax_image=&#8221;82&#8243;][vc_column]<div  class=\"subheader-post-title\"><h3 class=\"sub-header text-right\">Upcoming Projects<\/h3><\/div>[\/vc_column][\/vc_row][vc_row][vc_column width=&#8221;3\/4&#8243;][vc_column_text]<\/p>\n<h2 style=\"margin-bottom: 0px;\">Upcoming<\/h2>\n<h3 style=\"margin: 0;\">projects<\/h3>\n<p><hr class=\"no_line\" style=\"margin: 0 auto 20px;\"\/>\n<br \/>\n<div class=\"image_frame image_item no_link scale-with-grid aligncenter no_border\" ><div class=\"image_wrapper\"><img class=\"scale-with-grid\" src=\"\/wp-content\/uploads\/2016\/05\/projects_upcoming_single-1024x384.jpg\" alt=\"\"   \/><\/div><\/div>\n<br \/>\n\u0130stanbul, Bodrum ve Bodrum \u00e7evresinde \u00f6zel yat\u0131r\u0131m projeleri.<br \/>\n<hr class=\"no_line\" style=\"margin: 0 auto 20px;\"\/>\n[\/vc_column_text][\/vc_column][vc_column width=&#8221;1\/4&#8243;][vc_widget_sidebar sidebar_id=&#8221;sidebar-projects&#8221;][\/vc_column][\/vc_row]<\/p>","protected":false},"excerpt":{"rendered":"<p>[vc_row full_width=&#8221;stretch_row&#8221; parallax=&#8221;content-moving&#8221; parallax_image=&#8221;82&#8243;][vc_column][\/vc_column][\/vc_row][vc_row][vc_column width=&#8221;3\/4&#8243;][vc_column_text] Upcoming projects \u0130stanbul, Bodrum ve Bodrum \u00e7evresinde \u00f6zel yat\u0131r\u0131m projeleri. [\/vc_column_text][\/vc_column][vc_column width=&#8221;1\/4&#8243;][vc_widget_sidebar sidebar_id=&#8221;sidebar-projects&#8221;][\/vc_column][\/vc_row]<\/p>\n","protected":false},"author":1,"featured_media":0,"parent":57,"menu_order":0,"comment_status":"closed","ping_status":"closed","template":"","meta":[],"_links":{"self":[{"href":"https:\/\/www.tekasgroup.com\/en\/wp-json\/wp\/v2\/pages\/232"}],"collection":[{"href":"https:\/\/www.tekasgroup.com\/en\/wp-json\/wp\/v2\/pages"}],"about":[{"href":"https:\/\/www.tekasgroup.com\/en\/wp-json\/wp\/v2\/types\/page"}],"author":[{"embeddable":true,"href":"https:\/\/www.tekasgroup.com\/en\/wp-json\/wp\/v2\/users\/1"}],"replies":[{"embeddable":true,"href":"https:\/\/www.tekasgroup.com\/en\/wp-json\/wp\/v2\/comments?post=232"}],"version-history":[{"count":7,"href":"https:\/\/www.tekasgroup.com\/en\/wp-json\/wp\/v2\/pages\/232\/revisions"}],"predecessor-version":[{"id":355,"href":"https:\/\/www.tekasgroup.com\/en\/wp-json\/wp\/v2\/pages\/232\/revisions\/355"}],"up":[{"embeddable":true,"href":"https:\/\/www.tekasgroup.com\/en\/wp-json\/wp\/v2\/pages\/57"}],"wp:attachment":[{"href":"https:\/\/www.tekasgroup.com\/en\/wp-json\/wp\/v2\/media?parent=232"}],"curies":[{"name":"wp","href":"https:\/\/api.w.org\/{rel}","templated":true}]}}