{"id":229,"date":"2016-05-27T15:49:21","date_gmt":"2016-05-27T12:49:21","guid":{"rendered":"http:\/\/www.tekasgroup.com\/?page_id=229"},"modified":"2016-05-31T16:56:11","modified_gmt":"2016-05-31T13:56:11","slug":"ongoing-projects","status":"publish","type":"page","link":"https:\/\/www.tekasgroup.com\/en\/projects\/ongoing-projects\/","title":{"rendered":"Ongoing Projects"},"content":{"rendered":"<p>[vc_row full_width=&#8221;stretch_row&#8221; parallax=&#8221;content-moving&#8221; parallax_image=&#8221;82&#8243;][vc_column]<div  class=\"subheader-post-title\"><h3 class=\"sub-header text-right\">Ongoing Projects<\/h3><\/div>[\/vc_column][\/vc_row][vc_row][vc_column width=&#8221;3\/4&#8243;][vc_column_text]<\/p>\n<h2 style=\"margin-bottom: 0px;\">Ongoing<\/h2>\n<h3 style=\"margin: 0;\">projects<\/h3>\n<p><hr class=\"no_line\" style=\"margin: 0 auto 20px;\"\/>\n<br \/>\n<div class=\"image_frame image_item no_link scale-with-grid aligncenter no_border\" ><div class=\"image_wrapper\"><img class=\"scale-with-grid\" src=\"\/wp-content\/uploads\/2016\/05\/projects_ongoing_single-1024x384.jpg\" alt=\"\"   \/><\/div><\/div>\n<br \/>\n\u0130\u00e7erenk\u00f6y\u2019 de bulunan 9 katl\u0131, m\u00fclkiyeti firmam\u0131z Y\u00f6netim Kurulu Ba\u015fkan\u0131 Say\u0131n Ferat Abidino\u011flu\u2019 na ait binan\u0131n 3\/4 y\u0131ld\u0131zl\u0131 otele d\u00f6n\u00fc\u015ft\u00fcr\u00fclmesi.<br \/>\n<hr class=\"no_line\" style=\"margin: 0 auto 20px;\"\/>\n[\/vc_column_text][\/vc_column][vc_column width=&#8221;1\/4&#8243;][vc_widget_sidebar sidebar_id=&#8221;sidebar-projects&#8221;][\/vc_column][\/vc_row]<\/p>","protected":false},"excerpt":{"rendered":"<p>[vc_row full_width=&#8221;stretch_row&#8221; parallax=&#8221;content-moving&#8221; parallax_image=&#8221;82&#8243;][vc_column][\/vc_column][\/vc_row][vc_row][vc_column width=&#8221;3\/4&#8243;][vc_column_text] Ongoing projects \u0130\u00e7erenk\u00f6y\u2019 de bulunan 9 katl\u0131, m\u00fclkiyeti firmam\u0131z Y\u00f6netim Kurulu Ba\u015fkan\u0131 Say\u0131n Ferat Abidino\u011flu\u2019 na ait binan\u0131n 3\/4 y\u0131ld\u0131zl\u0131 otele [&hellip;]<\/p>\n","protected":false},"author":1,"featured_media":0,"parent":57,"menu_order":0,"comment_status":"closed","ping_status":"closed","template":"","meta":[],"_links":{"self":[{"href":"https:\/\/www.tekasgroup.com\/en\/wp-json\/wp\/v2\/pages\/229"}],"collection":[{"href":"https:\/\/www.tekasgroup.com\/en\/wp-json\/wp\/v2\/pages"}],"about":[{"href":"https:\/\/www.tekasgroup.com\/en\/wp-json\/wp\/v2\/types\/page"}],"author":[{"embeddable":true,"href":"https:\/\/www.tekasgroup.com\/en\/wp-json\/wp\/v2\/users\/1"}],"replies":[{"embeddable":true,"href":"https:\/\/www.tekasgroup.com\/en\/wp-json\/wp\/v2\/comments?post=229"}],"version-history":[{"count":9,"href":"https:\/\/www.tekasgroup.com\/en\/wp-json\/wp\/v2\/pages\/229\/revisions"}],"predecessor-version":[{"id":354,"href":"https:\/\/www.tekasgroup.com\/en\/wp-json\/wp\/v2\/pages\/229\/revisions\/354"}],"up":[{"embeddable":true,"href":"https:\/\/www.tekasgroup.com\/en\/wp-json\/wp\/v2\/pages\/57"}],"wp:attachment":[{"href":"https:\/\/www.tekasgroup.com\/en\/wp-json\/wp\/v2\/media?parent=229"}],"curies":[{"name":"wp","href":"https:\/\/api.w.org\/{rel}","templated":true}]}}